{"id":1877,"date":"2016-08-02T09:18:40","date_gmt":"2016-08-02T09:18:40","guid":{"rendered":"https:\/\/portugalrent.ru\/contacts\/"},"modified":"2023-07-18T17:43:44","modified_gmt":"2023-07-18T16:43:44","slug":"contacts","status":"publish","type":"page","link":"https:\/\/portugalrent.ru\/en\/contacts\/","title":{"rendered":"Contactos"},"content":{"rendered":"<p>[vc_row full_width=&#8221;stretch_row&#8221; css=&#8221;.vc_custom_1686741927472{background-position: center !important;background-repeat: no-repeat !important;background-size: cover !important;}&#8221;][vc_column width=&#8221;1\/6&#8243;][\/vc_column][vc_column width=&#8221;2\/3&#8243;][vc_empty_space height=&#8221;&#8221; alter_height=&#8221;huge&#8221; hide_on_mobile=&#8221;&#8221;]<div id=\"sc_icons_888913988\" \r\n\tclass=\"sc_icons sc_icons_default sc_icons_size_small sc_align_center\"><div class=\"sc_icons_columns sc_item_columns trx_addons_columns_wrap columns_padding_bottom\"><div class=\"trx_addons_column-1_3\"><div class=\"sc_icons_item sc_icons_item_linked\"><div id=\"sc_icons_888913988_icon-location-light\" class=\"sc_icons_icon sc_icon_type_svg\"\r\n\t\t\t\t\t\t\t\t\t\t\t\t><svg version=\"1.1\" id=\"Layer_1\" xmlns=\"http:\/\/www.w3.org\/2000\/svg\" xmlns:xlink=\"http:\/\/www.w3.org\/1999\/xlink\" x=\"0px\" y=\"0px\"\r\n\t width=\"24px\" height=\"24px\" viewBox=\"0 0 24 24\" enable-background=\"new 0 0 24 24\" xml:space=\"preserve\">\r\n<path d=\"M12,0.938c-3.87,0-7.375,3.137-7.375,7.008\r\n\tc0,3.87,3.198,8.491,7.375,15.117c4.178-6.626,7.375-11.247,7.375-15.117C19.375,4.075,15.871,0.938,12,0.938z M12,11.078\r\n\tc-1.528,0-2.766-1.238-2.766-2.766S10.472,5.547,12,5.547c1.527,0,2.766,1.238,2.766,2.766S13.527,11.078,12,11.078z\"\/>\r\n<\/svg><\/div><div class=\"sc_icons_description\"><span>Rua do Sol, Lote 4, Ed. Elite Residence, Loja E<\/span><span>8500-8011 Portim\u00e3o, Portugal<\/span><\/div><a href=\"https:\/\/goo.gl\/maps\/qqzKGHNzjbZ15Dr29\" class=\"sc_icons_link\"><\/a><\/div><\/div><div class=\"trx_addons_column-1_3\"><div class=\"sc_icons_item sc_icons_item_linked\"><div id=\"sc_icons_888913988_icon-mail-light\" class=\"sc_icons_icon sc_icon_type_svg\"\r\n\t\t\t\t\t\t\t\t\t\t\t\t><svg version=\"1.1\" id=\"Layer_1\" xmlns=\"http:\/\/www.w3.org\/2000\/svg\" xmlns:xlink=\"http:\/\/www.w3.org\/1999\/xlink\" x=\"0px\" y=\"0px\"\r\n\t width=\"24px\" height=\"24px\" viewBox=\"0 0 24 24\" enable-background=\"new 0 0 24 24\" xml:space=\"preserve\">\r\n<path d=\"M0.456,3.342v17.316h23.088V3.342H0.456z M21.156,5.266L12,12.686\r\n\tL2.844,5.266l9.153,7.306L21.156,5.266z\"\/>\r\n<\/svg><\/div><div class=\"sc_icons_description\"><span>info@portugalestate.pt<\/span><\/div><a href=\"mailto:info@portugalestate.pt\" class=\"sc_icons_link\"><\/a><\/div><\/div><div class=\"trx_addons_column-1_3\"><div class=\"sc_icons_item sc_icons_item_linked\"><div id=\"sc_icons_888913988_icon-mobile-light\" class=\"sc_icons_icon sc_icon_type_svg\"\r\n\t\t\t\t\t\t\t\t\t\t\t\t><svg version=\"1.1\" id=\"Layer_1\" xmlns=\"http:\/\/www.w3.org\/2000\/svg\" xmlns:xlink=\"http:\/\/www.w3.org\/1999\/xlink\" x=\"0px\" y=\"0px\"\r\n\t width=\"24px\" height=\"24px\" viewBox=\"0 0 24 24\" enable-background=\"new 0 0 24 24\" xml:space=\"preserve\">\r\n<path stroke-miterlimit=\"10\" d=\"M4.052,1.909l2.688-1.25l3.819,7.457L7.984,9.383\r\n\tc-0.509,1.19,2.04,5.943,3.115,6.022c0.085-0.056,2.524-1.255,2.524-1.255l3.885,7.494c0,0-2.611,1.279-2.695,1.32\r\n\tC7.381,26.357-3.241,5.71,4.052,1.909z\"\/>\r\n<path stroke-miterlimit=\"10\" d=\"M16.034,11.163c0.212-0.706,0.151-1.492-0.228-2.189\r\n\tc-0.377-0.698-1.004-1.179-1.709-1.388\"\/>\r\n<path stroke-miterlimit=\"10\" d=\"M14.982,4.615c1.466,0.437,2.766,1.433,3.55,2.883\r\n\tc0.784,1.452,0.907,3.084,0.471,4.548\"\/>\r\n<path stroke-miterlimit=\"10\" d=\"M15.88,1.604c2.235,0.667,4.218,2.185,5.414,4.4\r\n\tc1.199,2.214,1.388,4.704,0.72,6.939\"\/>\r\n<\/svg><\/div><div class=\"sc_icons_description\"><span>+351 969 427 845<\/span><\/div><a href=\"tel:+351969427845\" class=\"sc_icons_link\"><\/a><\/div><\/div><\/div><\/div><!-- \/.sc_icons -->[vc_empty_space height=&#8221;&#8221; alter_height=&#8221;large&#8221; hide_on_mobile=&#8221;&#8221;][\/vc_column][vc_column width=&#8221;1\/6&#8243;][\/vc_column][\/vc_row][vc_row][vc_column width=&#8221;1\/6&#8243;][\/vc_column][vc_column width=&#8221;2\/3&#8243;][vc_empty_space height=&#8221;&#8221; alter_height=&#8221;medium&#8221; hide_on_mobile=&#8221;&#8221;][vc_column_text]<\/p>\n<div class=\"wpb_text_column wpb_content_element \">\n<div class=\"wpb_wrapper\">\n<p>CONTACTOS<br \/>\nContacte-nos para marcar visita. Os nossos especialistas ter\u00e3o prazer em tirar todas as suas d\u00favidas e encontrar a melhor op\u00e7\u00e3o para o im\u00f3vel que procura.<\/p>\n<div class=\"wpb_text_column wpb_content_element \">\n<div class=\"wpb_wrapper\">\n<p>P.E. PortugalEstate \u2013 Sociedade de Media\u00e7\u00e3o Imobili\u00e1ria, Unipessoal, Lda<\/p>\n<p><img loading=\"lazy\" class=\"alignnone wp-image-1076\" src=\"https:\/\/portugalrent.ru\/wp-content\/uploads\/2023\/06\/Logo-final-PE-mini-300x163.png\" alt=\"\" width=\"348\" height=\"189\" srcset=\"https:\/\/portugalrent.ru\/wp-content\/uploads\/2023\/06\/Logo-final-PE-mini-300x163.png 300w, https:\/\/portugalrent.ru\/wp-content\/uploads\/2023\/06\/Logo-final-PE-mini-600x326.png 600w, https:\/\/portugalrent.ru\/wp-content\/uploads\/2023\/06\/Logo-final-PE-mini-1024x557.png 1024w, https:\/\/portugalrent.ru\/wp-content\/uploads\/2023\/06\/Logo-final-PE-mini-768x418.png 768w, https:\/\/portugalrent.ru\/wp-content\/uploads\/2023\/06\/Logo-final-PE-mini-1536x835.png 1536w, https:\/\/portugalrent.ru\/wp-content\/uploads\/2023\/06\/Logo-final-PE-mini-2048x1114.png 2048w, https:\/\/portugalrent.ru\/wp-content\/uploads\/2023\/06\/Logo-final-PE-mini-770x419.png 770w, https:\/\/portugalrent.ru\/wp-content\/uploads\/2023\/06\/Logo-final-PE-mini-370x201.png 370w\" sizes=\"(max-width: 348px) 100vw, 348px\" \/><\/p>\n<\/div>\n<\/div>\n<\/div>\n<\/div>\n<p>[\/vc_column_text][vc_empty_space height=&#8221;&#8221; hide_on_mobile=&#8221;&#8221;]<div\n\t id=\"sc_form_1378936867\" \n\tclass=\"sc_form sc_form_modern sc_align_default\"\n\t\t>\n\n\t\n\t<form class=\"sc_form_form \" method=\"post\" action=\"https:\/\/portugalrent.ru\/wp-admin\/admin-ajax.php\">\n\n\t\t<div class=\"sc_form_info\">\n\t\t\t<div class=\"trx_addons_columns_wrap columns_padding_bottom\"><\/div>\n\t\t<\/div><!-- \/.sc_form_info -->\n\n\t\t<div class=\"sc_form_fields\">\n\t\t\t<div class=\"trx_addons_columns_wrap\"><div class=\"sc_form_details trx_addons_column-1_2\"><label class=\"sc_form_field sc_form_field_name required\">\n\t\t<span class=\"sc_form_field_wrap\"><input type=\"text\" \n\t\t\t\t\tname=\"name\"\n\t\t\t\t\t aria-required=\"true\"\t\t\t\t\t placeholder=\"Your name\"\t\t\t\t\t>\t<\/span>\n<\/label>\n<label class=\"sc_form_field sc_form_field_email required\">\n\t\t<span class=\"sc_form_field_wrap\"><input type=\"text\" \n\t\t\t\t\tname=\"email\"\n\t\t\t\t\t aria-required=\"true\"\t\t\t\t\t placeholder=\"Your e-mail\"\t\t\t\t\t>\t<\/span>\n<\/label>\n\t\t\t\t<\/div><div class=\"sc_form_message trx_addons_column-1_2\"><label class=\"sc_form_field sc_form_field_message required\">\n\t\t<span class=\"sc_form_field_wrap\"><textarea name=\"message\"\n\t\t\t\t\t aria-required=\"true\"\t\t\t\t\t placeholder=\"Your message\"\t\t\t\t\t><\/textarea>\t<\/span>\n<\/label>\n\t\t\t\t<\/div>\n\t\t\t<\/div>\n\t\t\t<div class=\"sc_form_field sc_form_field_button\"><button>Send Message<\/button><\/div>\n\t\t\t<div class=\"trx_addons_message_box sc_form_result\"><\/div>\n\t\t<\/div><!-- \/.sc_form_fields -->\n\n\t<\/form>\n\n<\/div><!-- \/.sc_form -->\n[vc_empty_space height=&#8221;&#8221; alter_height=&#8221;large&#8221; hide_on_mobile=&#8221;&#8221;][\/vc_column][vc_column width=&#8221;1\/6&#8243;][\/vc_column][\/vc_row][vc_row full_width=&#8221;stretch_row_content_no_spaces&#8221;][vc_column]<div id=\"sc_googlemap_460050197_wrap\" class=\"sc_googlemap_wrap\"><div id=\"sc_googlemap_460050197\"\r\n\t\t\tclass=\"sc_googlemap sc_googlemap_default\"\r\n\t\t\t style=\"width:100%;height:38em;\"\t\t\tdata-zoom=\"16\"\r\n\t\t\tdata-style=\"default\"\r\n\t\t\t><div id=\"sc_googlemap_460050197_1\" class=\"sc_googlemap_marker\"\r\n\t\t\t\t\t\tdata-latlng=\"37.119824, -8.542868\"\r\n\t\t\t\t\t\tdata-address=\"Rua do Sol, Lote 4, Ed. Elite Residence, Loja E, 8500-801 Portim\u00e3o\"\r\n\t\t\t\t\t\tdata-description=\"P.E. PortugalEstate - Sociedade de Media\u00e7\u00e3o Imobili\u00e1ria, Unipessoal, Lda\n&lt;b&gt;Visita &lt;\/b&gt; &lt;u&gt;o nosso site&lt;\/u&gt;! www.portugalestate.pt\"\r\n\t\t\t\t\t\tdata-title=\"PortugalEstate\"\r\n\t\t\t\t\t\tdata-icon=\"https:\/\/portugalrent.ru\/wp-content\/uploads\/2023\/06\/LogoPE-35x36-1.png\"\r\n\t\t\t\t\t\t><\/div><\/div><\/div><!-- \/.sc_googlemap_wrap -->[\/vc_column][\/vc_row]<\/p>\n","protected":false},"excerpt":{"rendered":"<p>[vc_row full_width=&#8221;stretch_row&#8221; css=&#8221;.vc_custom_1686741927472{background-position: center !important;background-repeat: no-repeat !important;background-size: cover !important;}&#8221;][vc_column width=&#8221;1\/6&#8243;][\/vc_column][vc_column width=&#8221;2\/3&#8243;][vc_empty_space height=&#8221;&#8221; alter_height=&#8221;huge&#8221; hide_on_mobile=&#8221;&#8221;][vc_empty_space height=&#8221;&#8221; alter_height=&#8221;large&#8221; hide_on_mobile=&#8221;&#8221;][\/vc_column][vc_column width=&#8221;1\/6&#8243;][\/vc_column][\/vc_row][vc_row][vc_column width=&#8221;1\/6&#8243;][\/vc_column][vc_column width=&#8221;2\/3&#8243;][vc_empty_space height=&#8221;&#8221; alter_height=&#8221;medium&#8221; hide_on_mobile=&#8221;&#8221;][vc_column_text] CONTACTOS Contacte-nos para marcar visita. Os nossos especialistas ter\u00e3o prazer em tirar todas as suas d\u00favidas e encontrar a melhor op\u00e7\u00e3o para o im\u00f3vel que procura. P.E. PortugalEstate \u2013 Sociedade de Media\u00e7\u00e3o Imobili\u00e1ria, Unipessoal, Lda [\/vc_column_text][vc_empty_space height=&#8221;&#8221;&hellip;<\/p>\n","protected":false},"author":1,"featured_media":0,"parent":0,"menu_order":0,"comment_status":"closed","ping_status":"closed","template":"","meta":{"_bbp_topic_count":0,"_bbp_reply_count":0,"_bbp_total_topic_count":0,"_bbp_total_reply_count":0,"_bbp_voice_count":0,"_bbp_anonymous_reply_count":0,"_bbp_topic_count_hidden":0,"_bbp_reply_count_hidden":0,"_bbp_forum_subforum_count":0,"spay_email":""},"_links":{"self":[{"href":"https:\/\/portugalrent.ru\/en\/wp-json\/wp\/v2\/pages\/1877"}],"collection":[{"href":"https:\/\/portugalrent.ru\/en\/wp-json\/wp\/v2\/pages"}],"about":[{"href":"https:\/\/portugalrent.ru\/en\/wp-json\/wp\/v2\/types\/page"}],"author":[{"embeddable":true,"href":"https:\/\/portugalrent.ru\/en\/wp-json\/wp\/v2\/users\/1"}],"replies":[{"embeddable":true,"href":"https:\/\/portugalrent.ru\/en\/wp-json\/wp\/v2\/comments?post=1877"}],"version-history":[{"count":1,"href":"https:\/\/portugalrent.ru\/en\/wp-json\/wp\/v2\/pages\/1877\/revisions"}],"predecessor-version":[{"id":1880,"href":"https:\/\/portugalrent.ru\/en\/wp-json\/wp\/v2\/pages\/1877\/revisions\/1880"}],"wp:attachment":[{"href":"https:\/\/portugalrent.ru\/en\/wp-json\/wp\/v2\/media?parent=1877"}],"curies":[{"name":"wp","href":"https:\/\/api.w.org\/{rel}","templated":true}]}}