{"id":1961,"date":"2016-08-01T14:07:38","date_gmt":"2016-08-01T14:07:38","guid":{"rendered":"https:\/\/portugalrent.ru\/pricing-table\/"},"modified":"2023-07-18T17:53:54","modified_gmt":"2023-07-18T16:53:54","slug":"pricing-table","status":"publish","type":"page","link":"https:\/\/portugalrent.ru\/en\/pricing-table\/","title":{"rendered":"Tabela de pre\u00e7os"},"content":{"rendered":"<p>[vc_row][vc_column][vc_empty_space height=&#8221;&#8221; alter_height=&#8221;large&#8221; hide_on_mobile=&#8221;&#8221;][\/vc_column][\/vc_row][vc_row gap=&#8221;10&#8243;]<\/p>\n<p>[vc_column width=&#8221;1\/3&#8243;]<div  id=\"sc_price_10689197\" \r\n\tclass=\"scheme_dark sc_price sc_price_default\"><a href=\"\/product\/premium-residence-l4-rc-c\" class=\"sc_price_image\"><img src=\"https:\/\/portugalrent.ru\/wp-content\/uploads\/2016\/07\/plan-02.png\" alt=\"\" width=\"69\" height=\"62\"><\/a><div class=\"sc_price_info\"><div class=\"sc_price_title\">T1+1 L4 0C<\/div><div class=\"sc_price_price\"><span class=\"sc_price_value\">297<\/span><span class=\"sc_price_decimals\">000\u20ac<\/span><\/div><a href=\"\/product\/premium-residence-l4-rc-c\" class=\"sc_price_link\">Visita<\/a><\/div>\r\n<\/div>[vc_empty_space height=&#8221;&#8221; alter_height=&#8221;small&#8221;][\/vc_column]<\/p>\n<p>[vc_column width=&#8221;1\/3&#8243;]<div  id=\"sc_price_1635945751\" \r\n\tclass=\"scheme_dark sc_price sc_price_default\"><a href=\"\/product\/premium-residence-l4-4-c\/\" class=\"sc_price_image\"><img src=\"https:\/\/portugalrent.ru\/wp-content\/uploads\/2016\/07\/plan-02.png\" alt=\"\" width=\"69\" height=\"62\"><\/a><div class=\"sc_price_info\"><div class=\"sc_price_title\">T1+1 L4 4C<\/div><div class=\"sc_price_price\"><span class=\"sc_price_value\">373<\/span><span class=\"sc_price_decimals\">000\u20ac<\/span><\/div><a href=\"\/product\/premium-residence-l4-4-c\/\" class=\"sc_price_link\">Visita<\/a><\/div>\r\n<\/div>[vc_empty_space height=&#8221;&#8221; alter_height=&#8221;small&#8221;][\/vc_column]<\/p>\n<p>[vc_column width=&#8221;1\/3&#8243;]<div  id=\"sc_price_1146508810\" \r\n\tclass=\"scheme_dark sc_price sc_price_default\"><a href=\"\/product\/premium-residence-l4-4-b\/\" class=\"sc_price_image\"><img src=\"https:\/\/portugalrent.ru\/wp-content\/uploads\/2016\/07\/plan-03.png\" alt=\"\" width=\"57\" height=\"61\"><\/a><div class=\"sc_price_info\"><div class=\"sc_price_title\">T1+1 L4 4B<\/div><div class=\"sc_price_price\"><span class=\"sc_price_value\">381<\/span><span class=\"sc_price_decimals\">000\u20ac<\/span><\/div><a href=\"\/product\/premium-residence-l4-4-b\/\" class=\"sc_price_link\">Visita<\/a><\/div>\r\n<\/div>[vc_empty_space height=&#8221;&#8221; alter_height=&#8221;small&#8221;][\/vc_column][\/vc_row][vc_row][vc_column][vc_column_text]<\/p>\n<p>[vc_column width=&#8221;1\/2&#8243;]<div  id=\"sc_price_1639384160\" \r\n\tclass=\"scheme_dark sc_price sc_price_default\"><a href=\"\/product\/premium-residence-l2-2c\/\" class=\"sc_price_image\"><img src=\"https:\/\/portugalrent.ru\/wp-content\/uploads\/2016\/07\/plan-03.png\" alt=\"\" width=\"57\" height=\"61\"><\/a><div class=\"sc_price_info\"><div class=\"sc_price_title\">T1+1 L2 2C<\/div><div class=\"sc_price_price\"><span class=\"sc_price_value\">399<\/span><span class=\"sc_price_decimals\">000\u20ac<\/span><\/div><a href=\"\/product\/premium-residence-l2-2c\/\" class=\"sc_price_link\">Visita<\/a><\/div>\r\n<\/div>[vc_empty_space height=&#8221;&#8221; alter_height=&#8221;small&#8221;][\/vc_column][\/vc_row][vc_row][vc_column][vc_column_text]<\/p>\n<p>[vc_column width=&#8221;1\/2&#8243;]<div  id=\"sc_price_114948721\" \r\n\tclass=\"scheme_dark sc_price sc_price_default\"><a href=\"\/product\/premium-residence-l5\/\" class=\"sc_price_image\"><img src=\"https:\/\/portugalrent.ru\/wp-content\/uploads\/2016\/07\/plan-03.png\" alt=\"\" width=\"57\" height=\"61\"><\/a><div class=\"sc_price_info\"><div class=\"sc_price_title\">Pr\u00e9dio com 15 apartamentos<\/div><div class=\"sc_price_price\"><span class=\"sc_price_value\">4750<\/span><span class=\"sc_price_decimals\">000\u20ac<\/span><\/div><a href=\"\/product\/premium-residence-l5\/\" class=\"sc_price_link\">Visita<\/a><\/div>\r\n<\/div>[vc_empty_space height=&#8221;&#8221; alter_height=&#8221;small&#8221;][\/vc_column][\/vc_row][vc_row][vc_column][vc_column_text]<\/p>\n<p>[\/vc_column_text][\/vc_column][\/vc_row]<br \/>\n[vc_row][vc_column][vc_empty_space height=&#8221;&#8221; alter_height=&#8221;small&#8221; hide_on_mobile=&#8221;&#8221;][vc_empty_space height=&#8221;&#8221; alter_height=&#8221;medium&#8221; hide_on_mobile=&#8221;1&#8243;][\/vc_column][\/vc_row][vc_row full_width=&#8221;stretch_row&#8221; css=&#8221;.vc_custom_1470122548237{background-color: #f4f9fc !important;}&#8221;][vc_column][vc_empty_space height=&#8221;&#8221; alter_height=&#8221;huge&#8221; hide_on_mobile=&#8221;&#8221;][vc_column_text]<\/p>\n<h2 class=\"trx_addons_no_margin\" style=\"text-align: center;\">Como funciona<\/h2>\n<p>[\/vc_column_text][vc_empty_space height=&#8221;&#8221; hide_on_mobile=&#8221;&#8221;][vc_empty_space height=&#8221;&#8221; alter_height=&#8221;small&#8221; hide_on_mobile=&#8221;1&#8243;][vc_row_inner][vc_column_inner width=&#8221;1\/2&#8243;][vc_tta_accordion shape=&#8221;square&#8221; active_section=&#8221;999&#8243; collapsible_all=&#8221;true&#8221;]<\/p>\n<p>[vc_tta_section title=&#8221;Marca a visita&#8221; tab_id=&#8221;1457619914567-5a09943e-e2be&#8221;][vc_column_text]Entra em contacto connosco para +351 969 427 845 e marca a visita[\/vc_column_text][\/vc_tta_section]<\/p>\n<p>[vc_tta_section title=&#8221;Encontra o Empreendimento&#8221; tab_id=&#8221;1457619914605-57d1d1dd-cfaf&#8221;][vc_column_text]Encontra o Empreendimento Premium Residence e o local da constru\u00e7\u00e3o. Vej\u00e1 <a href=\"https:\/\/goo.gl\/maps\/DgPWd979JKXDCGkX7\">aqui<\/a> a localiza\u00e7\u00e3o.[\/vc_column_text][\/vc_tta_section]<\/p>\n<p>[vc_tta_section title=&#8221;Informa-se dos apartamentos dispon\u00edveis&#8221; tab_id=&#8221;1457620063354-ff8d1cf7-40b3&#8243;][vc_column_text]Obtenha informa\u00e7\u00f5es valiosas junto com os nossos comerciais sobre a disponibilidade dos apartamentos.[\/vc_column_text][\/vc_tta_section][\/vc_tta_accordion][\/vc_column_inner][vc_column_inner width=&#8221;1\/2&#8243;][vc_tta_accordion shape=&#8221;square&#8221; active_section=&#8221;999&#8243; collapsible_all=&#8221;true&#8221;]<\/p>\n<p>[vc_tta_section title=&#8221;Pensa e fa\u00e7a uma proposta&#8221; tab_id=&#8221;2457619914567-5a09943e-e2be&#8221;][vc_column_text]Fa\u00e7a a proposta ao apartamento que lhe agradou.[\/vc_column_text][\/vc_tta_section]<\/p>\n<p>[vc_tta_section title=&#8221;Espera a decis\u00e3o do promotor&#8221; tab_id=&#8221;2457619914605-57d1d1dd-cfaf&#8221;][vc_column_text]Ap\u00f3s decis\u00e3o do promotor, preparamos a assinatura do contrato promessa compra e venda.[\/vc_column_text][\/vc_tta_section]<\/p>\n<p>[vc_tta_section title=&#8221;Marcamos a escritura&#8221; tab_id=&#8221;2457620063354-ff8d1cf7-40b3&#8243;][vc_column_text]Quando o pr\u00e9dio tiver a licen\u00e7a de habita\u00e7\u00e3o, vai se marcar a escritura no not\u00e1rio.[\/vc_column_text][\/vc_tta_section][\/vc_tta_accordion][\/vc_column_inner][\/vc_row_inner][vc_empty_space height=&#8221;&#8221; alter_height=&#8221;huge&#8221; hide_on_mobile=&#8221;&#8221;][\/vc_column][\/vc_row]<\/p>\n<p>[vc_row full_width=&#8221;stretch_row&#8221; content_placement=&#8221;middle&#8221; parallax=&#8221;content-moving&#8221; parallax_image=&#8221;83&#8243; scheme=&#8221;side&#8221;]<\/p>\n<p>[vc_column width=&#8221;1\/2&#8243;][vc_empty_space height=&#8221;&#8221; alter_height=&#8221;large&#8221;]<div id=\"widget_video_1052699465\" class=\"widget_area sc_widget_video vc_widget_video wpb_content_element\"><aside id=\"widget_video_1052699465_widget\" class=\"widget widget_video\"><div class=\"trx_addons_video_player with_cover hover_play\"><img src=\"https:\/\/portugalrent.ru\/wp-content\/uploads\/2016\/08\/team-all-740x416.jpg\" alt=\"\" width=\"740\" height=\"416\"><div class=\"video_mask\"><\/div><div class=\"video_hover\" data-video=\"&lt;iframe title=&quot;Loth Apartment Commercial&quot; width=&quot;1170&quot; height=&quot;658&quot; src=&quot;https:\/\/www.youtube.com\/embed\/d6XODOV7PYY?feature=oembed&amp;autoplay=1&quot; frameborder=&quot;0&quot; allow=&quot;accelerometer; autoplay; clipboard-write; encrypted-media; gyroscope; picture-in-picture; web-share&quot; allowfullscreen&gt;\"><\/div><div class=\"video_embed video_frame\"><\/div><\/div><\/aside><\/div><div  id=\"sc_promo_200033408\" \r\n\tclass=\"scheme_side sc_promo sc_promo_default sc_promo_size_normal sc_promo_no_image\"><div class=\"sc_promo_text\" style=\"width: 100%;\">\r\n\t\t\t<div class=\"sc_promo_text_inner sc_align_left\" style=\"\"><div class=\"sc_item_descr sc_promo_descr sc_align_default\">E <span class=\"trx_addons_accent\">voc\u00ea est\u00e1 determinado<\/span> a fazer sua vida ser o que voc\u00ea quer que seja! Compra o Seu im\u00f3vel de sonho no Premium Residence.<\/div><\/div>\r\n\t\t<\/div><!-- \/.sc_promo_text --><\/div><!-- \/.sc_promo -->[vc_empty_space height=&#8221;&#8221; alter_height=&#8221;large&#8221; hide_on_mobile=&#8221;1&#8243;][\/vc_column]<\/p>\n<p>[vc_column width=&#8221;1\/12&#8243;][\/vc_column]<\/p>\n<p>[vc_column width=&#8221;5\/12&#8243;][vc_empty_space height=&#8221;&#8221; alter_height=&#8221;medium&#8221; hide_on_mobile=&#8221;1&#8243;][vc_empty_space height=&#8221;&#8221; alter_height=&#8221;medium&#8221; hide_on_mobile=&#8221;&#8221;]<div  id=\"sc_promo_1082541472\" \r\n\tclass=\"sc_promo sc_promo_default sc_promo_size_large sc_promo_no_paddings sc_promo_no_image\"><div class=\"sc_promo_text\" style=\"width: 100%;\">\r\n\t\t\t<div class=\"sc_promo_text_inner sc_align_left\" style=\"\"><h6 class=\"sc_item_subtitle sc_promo_subtitle sc_align_default sc_item_title_style_default\">Estilo de Vida<\/h6><h2 class=\"sc_item_title sc_promo_title sc_align_default sc_item_title_style_default\">Por que escolher os luxuosos apartamentos no Empreendimento Premium Residence?<\/h2><div class=\"sc_promo_content sc_item_content\">[vc_column_text]Pr\u00e9dios localizados numa zona sossegada e perto da Praia da Rocha com apenas 5 andares e 15 apartamento em cada pr\u00e9dio. Piscina e jardim por cada pr\u00e9dio e estacionamento interior para cada apartamento.[\/vc_column_text]<\/div><div class=\"sc_item_button sc_item_button_default sc_promo_button sc_align_default sc_button_wrap\"><a href=\"\/apartments-premium-residence\/\"\r\n\t id=\"sc_button_903313989\" \r\n\tclass=\"sc_button sc_button_default sc_button_size_normal sc_button_icon_left\"\r\n\t\t><span class=\"sc_button_text\"><span class=\"sc_button_title\">Encontre a Sua casa<\/span><\/span><!-- \/.sc_button_text --><\/a><!-- \/.sc_button --><\/div><!-- \/.sc_item_button sc_item_button_default sc_promo_button sc_align_default --><\/div>\r\n\t\t<\/div><!-- \/.sc_promo_text --><\/div><!-- \/.sc_promo -->[vc_empty_space height=&#8221;&#8221; alter_height=&#8221;large&#8221;][\/vc_column]<\/p>\n<p>[\/vc_row]<\/p>\n","protected":false},"excerpt":{"rendered":"<p>[vc_row][vc_column][vc_empty_space height=&#8221;&#8221; alter_height=&#8221;large&#8221; hide_on_mobile=&#8221;&#8221;][\/vc_column][\/vc_row][vc_row gap=&#8221;10&#8243;] [vc_column width=&#8221;1\/3&#8243;][vc_empty_space height=&#8221;&#8221; alter_height=&#8221;small&#8221;][\/vc_column] [vc_column width=&#8221;1\/3&#8243;][vc_empty_space height=&#8221;&#8221; alter_height=&#8221;small&#8221;][\/vc_column] [vc_column width=&#8221;1\/3&#8243;][vc_empty_space height=&#8221;&#8221; alter_height=&#8221;small&#8221;][\/vc_column][\/vc_row][vc_row][vc_column][vc_column_text] [vc_column width=&#8221;1\/2&#8243;][vc_empty_space height=&#8221;&#8221; alter_height=&#8221;small&#8221;][\/vc_column][\/vc_row][vc_row][vc_column][vc_column_text] [vc_column width=&#8221;1\/2&#8243;][vc_empty_space height=&#8221;&#8221; alter_height=&#8221;small&#8221;][\/vc_column][\/vc_row][vc_row][vc_column][vc_column_text] [\/vc_column_text][\/vc_column][\/vc_row] [vc_row][vc_column][vc_empty_space height=&#8221;&#8221; alter_height=&#8221;small&#8221; hide_on_mobile=&#8221;&#8221;][vc_empty_space height=&#8221;&#8221; alter_height=&#8221;medium&#8221; hide_on_mobile=&#8221;1&#8243;][\/vc_column][\/vc_row][vc_row full_width=&#8221;stretch_row&#8221; css=&#8221;.vc_custom_1470122548237{background-color: #f4f9fc !important;}&#8221;][vc_column][vc_empty_space height=&#8221;&#8221; alter_height=&#8221;huge&#8221; hide_on_mobile=&#8221;&#8221;][vc_column_text] Como funciona [\/vc_column_text][vc_empty_space height=&#8221;&#8221; hide_on_mobile=&#8221;&#8221;][vc_empty_space height=&#8221;&#8221; alter_height=&#8221;small&#8221; hide_on_mobile=&#8221;1&#8243;][vc_row_inner][vc_column_inner width=&#8221;1\/2&#8243;][vc_tta_accordion shape=&#8221;square&#8221; active_section=&#8221;999&#8243; collapsible_all=&#8221;true&#8221;] [vc_tta_section title=&#8221;Marca a visita&#8221; tab_id=&#8221;1457619914567-5a09943e-e2be&#8221;][vc_column_text]Entra em contacto connosco&hellip;<\/p>\n","protected":false},"author":1,"featured_media":0,"parent":0,"menu_order":0,"comment_status":"closed","ping_status":"closed","template":"","meta":{"_bbp_topic_count":0,"_bbp_reply_count":0,"_bbp_total_topic_count":0,"_bbp_total_reply_count":0,"_bbp_voice_count":0,"_bbp_anonymous_reply_count":0,"_bbp_topic_count_hidden":0,"_bbp_reply_count_hidden":0,"_bbp_forum_subforum_count":0,"spay_email":""},"_links":{"self":[{"href":"https:\/\/portugalrent.ru\/en\/wp-json\/wp\/v2\/pages\/1961"}],"collection":[{"href":"https:\/\/portugalrent.ru\/en\/wp-json\/wp\/v2\/pages"}],"about":[{"href":"https:\/\/portugalrent.ru\/en\/wp-json\/wp\/v2\/types\/page"}],"author":[{"embeddable":true,"href":"https:\/\/portugalrent.ru\/en\/wp-json\/wp\/v2\/users\/1"}],"replies":[{"embeddable":true,"href":"https:\/\/portugalrent.ru\/en\/wp-json\/wp\/v2\/comments?post=1961"}],"version-history":[{"count":1,"href":"https:\/\/portugalrent.ru\/en\/wp-json\/wp\/v2\/pages\/1961\/revisions"}],"predecessor-version":[{"id":1967,"href":"https:\/\/portugalrent.ru\/en\/wp-json\/wp\/v2\/pages\/1961\/revisions\/1967"}],"wp:attachment":[{"href":"https:\/\/portugalrent.ru\/en\/wp-json\/wp\/v2\/media?parent=1961"}],"curies":[{"name":"wp","href":"https:\/\/api.w.org\/{rel}","templated":true}]}}