{"id":2153,"date":"2023-07-06T16:49:27","date_gmt":"2023-07-06T15:49:27","guid":{"rendered":"https:\/\/portugalrent.ru\/product\/premium-residence-l5\/"},"modified":"2023-07-18T18:34:04","modified_gmt":"2023-07-18T17:34:04","slug":"premium-residence-l5","status":"publish","type":"product","link":"https:\/\/portugalrent.ru\/en\/product\/premium-residence-l5\/","title":{"rendered":"Premium Residence L5"},"content":{"rendered":"<p>[vc_row][vc_column width=&#8221;1\/2&#8243;][vc_column_text]<\/p>\n<ul class=\"trx_addons_list trx_addons_list_parameters\">\n<li><strong>Pisos<\/strong> <em>5<\/em><\/li>\n<li><strong>Apartamentos T0+1<\/strong> <em>5<\/em><\/li>\n<li><strong>Apartamentos T1+1<\/strong> <em>10<\/em><\/li>\n<li><strong>Caves para estacionamentos<\/strong> <em>2<\/em><\/li>\n<li><strong>\u00c1rea encerrada dos todos os apartamentos, m2<\/strong> <em>1029.50<\/em><\/li>\n<li><strong>\u00c1rea das varandas dos todos os apartamentos, m2<\/strong> <em>528.70<\/em><\/li>\n<li><strong>\u00c1rea do terreno, m2<\/strong> <em>1894.15<\/em><\/li>\n<li><strong>\u00c1rea de implanta\u00e7\u00e3o, m2<\/strong> <em>500.00<\/em><\/li>\n<li><strong>Lugar de estacionamentos<\/strong> <em>23<\/em><\/li>\n<\/ul>\n<p>Pr\u00e9dio para venda com 15 apartamentos, 5 T0+1 e 10 T1+1, com piscina e jardim a 500 m. da Praia da Rocha., Portim\u00e3o, Algarve, Portugal.<br \/>\nPretende comprar um empreendimento inteiro para investimento na Praia da Rocha em Portim\u00e3o, Algarve, Portugal? No Empreendimento Premium Residence que encontra!<br \/>\n[\/vc_column_text][\/vc_column][vc_column width=&#8221;1\/2&#8243;][vc_column_text]<\/p>\n<p><img loading=\"lazy\" class=\"alignnone wp-image-1424 size-medium\" src=\"https:\/\/portugalrent.ru\/wp-content\/uploads\/2023\/07\/Piso-0-300x212.webp\" alt=\"\" width=\"300\" height=\"212\" srcset=\"https:\/\/portugalrent.ru\/wp-content\/uploads\/2023\/07\/Piso-0-300x212.webp 300w, https:\/\/portugalrent.ru\/wp-content\/uploads\/2023\/07\/Piso-0-600x424.webp 600w, https:\/\/portugalrent.ru\/wp-content\/uploads\/2023\/07\/Piso-0-1024x724.webp 1024w, https:\/\/portugalrent.ru\/wp-content\/uploads\/2023\/07\/Piso-0-768x543.webp 768w, https:\/\/portugalrent.ru\/wp-content\/uploads\/2023\/07\/Piso-0-1536x1086.webp 1536w, https:\/\/portugalrent.ru\/wp-content\/uploads\/2023\/07\/Piso-0-770x545.webp 770w, https:\/\/portugalrent.ru\/wp-content\/uploads\/2023\/07\/Piso-0-370x262.webp 370w, https:\/\/portugalrent.ru\/wp-content\/uploads\/2023\/07\/Piso-0.webp 1684w\" sizes=\"(max-width: 300px) 100vw, 300px\" \/><\/p>\n<p>&nbsp;<\/p>\n<p>[\/vc_column_text][\/vc_column][\/vc_row]<\/p>\n","protected":false},"excerpt":{"rendered":"<p>Pr\u00e9dio para venda com 15 apartamentos, 5 T0+1 e 10 T1+1, com piscina e jardim a 500 m. da Praia da Rocha.<\/p>\n<p>O empreendimento Premium Residence Lote 5 apresenta espa\u00e7os modernos de arquitetura contempor\u00e2nea. Demarca-se pela arquitetura moderna de design arrojado e est\u00e1 localizado no cora\u00e7\u00e3o da Praia da Rocha, a pouco mais de 500 metros do mar, uma luxuosa localiza\u00e7\u00e3o entre Marina de Portim\u00e3o e vila de Alvor. Um espa\u00e7o \u00fanico para viver, passar f\u00e9rias e usufruir da tranquilidade que tornam a Sua casa num lar especial.<\/p>\n<p>O Premium Residence renasce com a mesma eleg\u00e2ncia para acolher um condom\u00ednio \u00fanico, que oferece 15 im\u00f3veis exclusivos, com m\u00faltiplas tipologias que v\u00e3o do T1 ao T2 e alguns com magn\u00edfica vista para o oceano, distribu\u00eddos em 5 pisos com apenas 3 apartamentos por piso e distinguem-se pelas suas amplas \u00e1reas com uso de m\u00ednimo de 1 lugar de estacionamento.<br \/>\nO empreendimento tem uso de espectacular jardim e piscina.<\/p>\n<p>No interior dos apartamentos os acabamentos s\u00e3o de um luxo discreto e o ambiente \u00e9 sedutor. As amplas varandas com barbecue individual disp\u00f5em de uma excelente exposi\u00e7\u00e3o solar e alguns com vista mar. As cozinhas com todos os electrodom\u00e9sticos de encastrar, pronta a funcionar: forno, placa vitrocer\u00e2mica, exaustor, microondas, m\u00e1quina de lavar roupa, m\u00e1quina de lavar loi\u00e7a e frigorifico combinado, lava-loi\u00e7a de encastrar em inox.<br \/>\nNas casas de banho: loi\u00e7as sanit\u00e1rias suspensas, balc\u00f5es de lavat\u00f3rio suspensos, bases de chuveiro, torneiras cromadas, espelhos de parede.<br \/>\nPortas de entrada corta-fogo e de alta seguran\u00e7a. Caixilharias em alum\u00ednio, com vidro duplo panor\u00e2mico.<\/p>\n<p>INSTALA\u00c7\u00d5ES E EQUIPAMENTOS:<br \/>\n&#8211; Elevadores com sistema de seguran\u00e7a que em caso de falha de eletricidade desce ao piso mais pr\u00f3ximo e abre as portas. Telefone no interior da cabine.<br \/>\n&#8211; V\u00eddeo Porteiro a cores.<br \/>\n&#8211; Ar-condicionado em todas as salas e quartos (pr\u00e9-instala\u00e7\u00e3o).<br \/>\n&#8211; Ch\u00e3o radiante el\u00e9trico nas cozinhas e casas de banho.<br \/>\n&#8211; Paneis solares para aquecimento de \u00e1guas sanit\u00e1rias.<br \/>\n&#8211; Estores el\u00e9ctricos.<br \/>\n&#8211; Port\u00f5es de acesso as garagens, autom\u00e1ticos e com fornecimento do comando individual.<br \/>\n&#8211; Cave de estacionamento com dete\u00e7\u00e3o de inc\u00eandio e mon\u00f3xido de carbono.<\/p>\n<p>Investimento ideal para arrendar de f\u00e9rias um pr\u00e9dio inteiro ou mesmo para comprar e revender os apartamentos, visto que apartamentos novos pronto a habitar na Praia da Rocha neste momento n\u00e3o encontra a venda.<\/p>\n","protected":false},"featured_media":1986,"template":"","meta":{"_bbp_topic_count":0,"_bbp_reply_count":0,"_bbp_total_topic_count":0,"_bbp_total_reply_count":0,"_bbp_voice_count":0,"_bbp_anonymous_reply_count":0,"_bbp_topic_count_hidden":0,"_bbp_reply_count_hidden":0,"_bbp_forum_subforum_count":0,"spay_email":""},"_links":{"self":[{"href":"https:\/\/portugalrent.ru\/en\/wp-json\/wp\/v2\/product\/2153"}],"collection":[{"href":"https:\/\/portugalrent.ru\/en\/wp-json\/wp\/v2\/product"}],"about":[{"href":"https:\/\/portugalrent.ru\/en\/wp-json\/wp\/v2\/types\/product"}],"wp:featuredmedia":[{"embeddable":true,"href":"https:\/\/portugalrent.ru\/en\/wp-json\/wp\/v2\/media\/1986"}],"wp:attachment":[{"href":"https:\/\/portugalrent.ru\/en\/wp-json\/wp\/v2\/media?parent=2153"}],"curies":[{"name":"wp","href":"https:\/\/api.w.org\/{rel}","templated":true}]}}