{"id":2275,"date":"2023-07-06T16:26:59","date_gmt":"2023-07-06T15:26:59","guid":{"rendered":"https:\/\/portugalrent.ru\/product\/premium-residence-l4-4-b\/"},"modified":"2023-07-18T18:35:13","modified_gmt":"2023-07-18T17:35:13","slug":"premium-residence-l4-4-b","status":"publish","type":"product","link":"https:\/\/portugalrent.ru\/fr\/product\/premium-residence-l4-4-b\/","title":{"rendered":"PR L4 4\u00baB"},"content":{"rendered":"<p>[vc_row][vc_column width=\u00a0\u00bb1\/2&Prime;][vc_column_text]<\/p>\n<ul class=\"trx_addons_list trx_addons_list_parameters\">\n<li><strong>Andar<\/strong> <em>0<\/em><\/li>\n<li><strong>Sala<\/strong> <em>1<\/em><\/li>\n<li><strong>Quartos<\/strong> <em>2<\/em><\/li>\n<li><strong>Casas de banho<\/strong> <em>2<\/em><\/li>\n<li><strong>\u00c1rea encerrada, m2<\/strong> <em>75.85<\/em><\/li>\n<li><strong>\u00c1rea das varandas, m2<\/strong> <em>39.00<\/em><\/li>\n<li><strong>\u00c1rea jardim, m2<\/strong> <em>&#8211;<\/em><\/li>\n<li><strong>\u00c1rea total, m2<\/strong> <em>114.85<\/em><\/li>\n<li><strong>Lugar de estacionamento<\/strong> <em>1<\/em><\/li>\n<\/ul>\n<p>Para venda apartamento T1+1 usado no empreendimento PREMIUM RESIDENCE a 500 m. da Praia da Rocha, Portim\u00e3o, Algarve, Portugal.<br \/>\nPretende comprar apartamento na Praia da Rocha em Portim\u00e3o, Algarve, Portugal? No Empreendimento Premium Residence que encontra!<br \/>\n[\/vc_column_text][\/vc_column][vc_column width=\u00a0\u00bb1\/2&Prime;][vc_column_text]<\/p>\n<p><img loading=\"lazy\" class=\"alignnone wp-image-1422 size-medium\" src=\"https:\/\/portugalrent.ru\/wp-content\/uploads\/2023\/07\/PR-L4-4oB-300x212.webp\" alt=\"\" width=\"300\" height=\"212\" srcset=\"https:\/\/portugalrent.ru\/wp-content\/uploads\/2023\/07\/PR-L4-4oB-300x212.webp 300w, https:\/\/portugalrent.ru\/wp-content\/uploads\/2023\/07\/PR-L4-4oB-rotated-600x424.webp 600w, https:\/\/portugalrent.ru\/wp-content\/uploads\/2023\/07\/PR-L4-4oB-1024x724.webp 1024w, https:\/\/portugalrent.ru\/wp-content\/uploads\/2023\/07\/PR-L4-4oB-768x543.webp 768w, https:\/\/portugalrent.ru\/wp-content\/uploads\/2023\/07\/PR-L4-4oB-1536x1086.webp 1536w, https:\/\/portugalrent.ru\/wp-content\/uploads\/2023\/07\/PR-L4-4oB-2048x1448.webp 2048w, https:\/\/portugalrent.ru\/wp-content\/uploads\/2023\/07\/PR-L4-4oB-770x544.webp 770w, https:\/\/portugalrent.ru\/wp-content\/uploads\/2023\/07\/PR-L4-4oB-370x262.webp 370w\" sizes=\"(max-width: 300px) 100vw, 300px\" \/><\/p>\n<p>&nbsp;<\/p>\n<p>[\/vc_column_text][\/vc_column][\/vc_row]<\/p>\n","protected":false},"excerpt":{"rendered":"<p>Vende-se apartamento T1+1 no empreendimento Premium Residence com piscina e jardim comum a 500 m. da Praia da Rocha.<\/p>\n<p>No interior do apartamento os acabamentos s\u00e3o de um luxo discreto e o ambiente \u00e9 sedutor.<br \/>\nA ampla varanda disp\u00f5e de uma excelente exposi\u00e7\u00e3o solar e um pouco vista mar.<br \/>\nA cozinha com todos os eletrodom\u00e9sticos de encastrar, pronta a funcionar: forno, placa, exaustor, termoacumulador solar, micro-ondas, m\u00e1quina de lavar roupa, m\u00e1quina de lavar loi\u00e7a e frigorifico combinado, lava-loi\u00e7a.<br \/>\nNas casas de banho: loi\u00e7as sanit\u00e1rias suspensas, balc\u00f5es de lavat\u00f3rio suspensos, bases de chuveiro, torneiras cromadas, espelhos de parede.<br \/>\nPorta de entrada corta-fogo e de alta seguran\u00e7a. Caixilharias em alum\u00ednio com vidros duplos.<br \/>\nUso de 2 lugares de estacionamento.<\/p>\n<p>O empreendimento Premium Residence oferece espa\u00e7os modernos de arquitetura contempor\u00e2nea para venda de apartamento T2 na Praia da Rocha em Portim\u00e3o, Algarve, Portugal e que se demarca pela arquitetura moderna de design arrojado e est\u00e1 localizado no cora\u00e7\u00e3o da Praia da Rocha, a pouco mais de 500 metros do mar, uma luxuosa localiza\u00e7\u00e3o entre Marina de Portim\u00e3o e vila de Alvor. Um espa\u00e7o \u00fanico para viver, passar f\u00e9rias e usufruir da tranquilidade que tornam a Sua casa num lar especial. Procura apartamento \u00e0 venda no Algarve, Portim\u00e3o, Praia da Rocha, aqui \u00e9 que encontra.<\/p>\n<p>O Premium Residence renasce com a mesma eleg\u00e2ncia para acolher um condom\u00ednio \u00fanico, que se distinguem pelas suas amplas \u00e1reas.<\/p>\n<p>O empreendimento tem uso de espetacular jardim e piscina.<\/p>\n<p>INSTALA\u00c7\u00d5ES E EQUIPAMENTOS:<br \/>\n&#8211; Elevadores com sistema de seguran\u00e7a que em caso de falha de eletricidade desce ao piso mais pr\u00f3ximo e abre as portas. Telefone no interior da cabine.<br \/>\n&#8211; V\u00eddeo Porteiro a cores.<br \/>\n&#8211; Ar-condicionado na sala e quartos.<br \/>\n&#8211; Ch\u00e3o radiante el\u00e9trico na sala e casas de banho.<br \/>\n&#8211; Painel solar para aquecimento de \u00e1guas sanit\u00e1rias.<br \/>\n&#8211; Port\u00f5es de acesso ao Condom\u00ednio e garagens, autom\u00e1ticos e com fornecimento do comando individual.<br \/>\n&#8211; Cave de estacionamento com detec\u00e7\u00e3o de inc\u00eandio e mon\u00f3xido de carbono.<\/p>\n","protected":false},"featured_media":1998,"template":"","meta":{"_bbp_topic_count":0,"_bbp_reply_count":0,"_bbp_total_topic_count":0,"_bbp_total_reply_count":0,"_bbp_voice_count":0,"_bbp_anonymous_reply_count":0,"_bbp_topic_count_hidden":0,"_bbp_reply_count_hidden":0,"_bbp_forum_subforum_count":0,"spay_email":""},"_links":{"self":[{"href":"https:\/\/portugalrent.ru\/fr\/wp-json\/wp\/v2\/product\/2275"}],"collection":[{"href":"https:\/\/portugalrent.ru\/fr\/wp-json\/wp\/v2\/product"}],"about":[{"href":"https:\/\/portugalrent.ru\/fr\/wp-json\/wp\/v2\/types\/product"}],"wp:featuredmedia":[{"embeddable":true,"href":"https:\/\/portugalrent.ru\/fr\/wp-json\/wp\/v2\/media\/1998"}],"wp:attachment":[{"href":"https:\/\/portugalrent.ru\/fr\/wp-json\/wp\/v2\/media?parent=2275"}],"curies":[{"name":"wp","href":"https:\/\/api.w.org\/{rel}","templated":true}]}}